{"id":741,"date":"2022-06-21T09:35:37","date_gmt":"2022-06-21T14:35:37","guid":{"rendered":"https:\/\/sylda-transportations.com\/?page_id=741"},"modified":"2022-07-05T11:21:03","modified_gmt":"2022-07-05T16:21:03","slug":"nosotros","status":"publish","type":"page","link":"https:\/\/sylda-transportations.com\/en\/nosotros\/","title":{"rendered":"ABOUT US"},"content":{"rendered":"<div data-elementor-type=\"wp-page\" data-elementor-id=\"741\" class=\"elementor elementor-741\">\n\t\t\t\t\t\t\t\t\t<section class=\"elementor-section elementor-top-section elementor-element elementor-element-1f522c9 elementor-section-full_width elementor-section-height-default elementor-section-height-default\" data-id=\"1f522c9\" data-element_type=\"section\" data-settings=\"{&quot;background_background&quot;:&quot;classic&quot;}\">\n\t\t\t\t\t\t\t<div class=\"elementor-background-overlay\"><\/div>\n\t\t\t\t\t\t\t<div class=\"elementor-container elementor-column-gap-default\">\n\t\t\t\t\t<div class=\"elementor-column elementor-col-100 elementor-top-column elementor-element elementor-element-fcffcab\" data-id=\"fcffcab\" data-element_type=\"column\">\n\t\t\t<div class=\"elementor-widget-wrap elementor-element-populated\">\n\t\t\t\t\t\t\t\t<div class=\"elementor-element elementor-element-95c74f5 elementor-widget elementor-widget-heading\" data-id=\"95c74f5\" data-element_type=\"widget\" data-widget_type=\"heading.default\">\n\t\t\t\t<div class=\"elementor-widget-container\">\n\t\t\t<style>\/*! elementor - v3.6.6 - 08-06-2022 *\/\n.elementor-heading-title{padding:0;margin:0;line-height:1}.elementor-widget-heading .elementor-heading-title[class*=elementor-size-]>a{color:inherit;font-size:inherit;line-height:inherit}.elementor-widget-heading .elementor-heading-title.elementor-size-small{font-size:15px}.elementor-widget-heading .elementor-heading-title.elementor-size-medium{font-size:19px}.elementor-widget-heading .elementor-heading-title.elementor-size-large{font-size:29px}.elementor-widget-heading .elementor-heading-title.elementor-size-xl{font-size:39px}.elementor-widget-heading .elementor-heading-title.elementor-size-xxl{font-size:59px}<\/style><h2 class=\"elementor-heading-title elementor-size-default\">ABOUT US<\/h2>\t\t<\/div>\n\t\t\t\t<\/div>\n\t\t\t\t\t<\/div>\n\t\t<\/div>\n\t\t\t\t\t\t\t<\/div>\n\t\t<\/section>\n\t\t\t\t<section class=\"elementor-section elementor-top-section elementor-element elementor-element-0036927 elementor-section-boxed elementor-section-height-default elementor-section-height-default\" data-id=\"0036927\" data-element_type=\"section\">\n\t\t\t\t\t\t<div class=\"elementor-container elementor-column-gap-default\">\n\t\t\t\t\t<div class=\"elementor-column elementor-col-100 elementor-top-column elementor-element elementor-element-0bb559b\" data-id=\"0bb559b\" data-element_type=\"column\">\n\t\t\t<div class=\"elementor-widget-wrap elementor-element-populated\">\n\t\t\t\t\t\t\t\t<section class=\"elementor-section elementor-inner-section elementor-element elementor-element-e3b9950 elementor-section-boxed elementor-section-height-default elementor-section-height-default\" data-id=\"e3b9950\" data-element_type=\"section\">\n\t\t\t\t\t\t<div class=\"elementor-container elementor-column-gap-default\">\n\t\t\t\t\t<div class=\"elementor-column elementor-col-100 elementor-inner-column elementor-element elementor-element-52cc8db\" data-id=\"52cc8db\" data-element_type=\"column\">\n\t\t\t<div class=\"elementor-widget-wrap elementor-element-populated\">\n\t\t\t\t\t\t\t\t<div class=\"elementor-element elementor-element-dce168b elementor-widget elementor-widget-heading\" data-id=\"dce168b\" data-element_type=\"widget\" data-widget_type=\"heading.default\">\n\t\t\t\t<div class=\"elementor-widget-container\">\n\t\t\t<h2 class=\"elementor-heading-title elementor-size-default\">More than 15 years in airport transportation<\/h2>\t\t<\/div>\n\t\t\t\t<\/div>\n\t\t\t\t<div class=\"elementor-element elementor-element-4a94d3d elementor-widget elementor-widget-image\" data-id=\"4a94d3d\" data-element_type=\"widget\" data-widget_type=\"image.default\">\n\t\t\t\t<div class=\"elementor-widget-container\">\n\t\t\t<style>\/*! elementor - v3.6.6 - 08-06-2022 *\/\n.elementor-widget-image{text-align:center}.elementor-widget-image a{display:inline-block}.elementor-widget-image a img[src$=\".svg\"]{width:48px}.elementor-widget-image img{vertical-align:middle;display:inline-block}<\/style>\t\t\t\t\t\t\t\t\t\t\t\t<img decoding=\"async\" src=\"https:\/\/sylda-transportations.com\/wp-content\/uploads\/2022\/06\/Separador-Azul-2Jun.svg\" class=\"attachment-large size-large\" alt=\"\" \/>\t\t\t\t\t\t\t\t\t\t\t\t\t\t\t<\/div>\n\t\t\t\t<\/div>\n\t\t\t\t\t<\/div>\n\t\t<\/div>\n\t\t\t\t\t\t\t<\/div>\n\t\t<\/section>\n\t\t\t\t<div class=\"elementor-element elementor-element-ac68cc3 elementor-widget elementor-widget-spacer\" data-id=\"ac68cc3\" data-element_type=\"widget\" data-widget_type=\"spacer.default\">\n\t\t\t\t<div class=\"elementor-widget-container\">\n\t\t\t<style>\/*! elementor - v3.6.6 - 08-06-2022 *\/\n.e-container.e-container--row .elementor-spacer-inner{width:var(--spacer-size)}.e-container.e-container--column .elementor-spacer-inner,.elementor-column .elementor-spacer-inner{height:var(--spacer-size)}<\/style>\t\t<div class=\"elementor-spacer\">\n\t\t\t<div class=\"elementor-spacer-inner\"><\/div>\n\t\t<\/div>\n\t\t\t\t<\/div>\n\t\t\t\t<\/div>\n\t\t\t\t<div class=\"elementor-element elementor-element-936fbee elementor-widget elementor-widget-text-editor\" data-id=\"936fbee\" data-element_type=\"widget\" data-widget_type=\"text-editor.default\">\n\t\t\t\t<div class=\"elementor-widget-container\">\n\t\t\t<style>\/*! elementor - v3.6.6 - 08-06-2022 *\/\n.elementor-widget-text-editor.elementor-drop-cap-view-stacked .elementor-drop-cap{background-color:#818a91;color:#fff}.elementor-widget-text-editor.elementor-drop-cap-view-framed .elementor-drop-cap{color:#818a91;border:3px solid;background-color:transparent}.elementor-widget-text-editor:not(.elementor-drop-cap-view-default) .elementor-drop-cap{margin-top:8px}.elementor-widget-text-editor:not(.elementor-drop-cap-view-default) .elementor-drop-cap-letter{width:1em;height:1em}.elementor-widget-text-editor .elementor-drop-cap{float:left;text-align:center;line-height:1;font-size:50px}.elementor-widget-text-editor .elementor-drop-cap-letter{display:inline-block}<\/style>\t\t\t\t<p>We are motivated to serve you, <strong>Sylda Transportations<\/strong> first opened its doors in 2005. Since then, we have been providing superior airport transportation services to a wide range of clients in Mexico, USA and throughout Latam.<\/p><p>Whether you are going to a concert, sporting event, Archeological Zone or just need a ride to the airport, we have the perfect vehicle, driver and experience to meet your needs.<\/p>\t\t\t\t\t\t<\/div>\n\t\t\t\t<\/div>\n\t\t\t\t\t<\/div>\n\t\t<\/div>\n\t\t\t\t\t\t\t<\/div>\n\t\t<\/section>\n\t\t\t\t<section class=\"elementor-section elementor-top-section elementor-element elementor-element-5647c42 elementor-section-boxed elementor-section-height-default elementor-section-height-default\" data-id=\"5647c42\" data-element_type=\"section\" data-settings=\"{&quot;background_background&quot;:&quot;classic&quot;}\">\n\t\t\t\t\t\t<div class=\"elementor-container elementor-column-gap-default\">\n\t\t\t\t\t<div class=\"elementor-column elementor-col-100 elementor-top-column elementor-element elementor-element-564d83e\" data-id=\"564d83e\" data-element_type=\"column\">\n\t\t\t<div class=\"elementor-widget-wrap elementor-element-populated\">\n\t\t\t\t\t\t\t\t<section class=\"elementor-section elementor-inner-section elementor-element elementor-element-4b12909 elementor-section-boxed elementor-section-height-default elementor-section-height-default\" data-id=\"4b12909\" data-element_type=\"section\">\n\t\t\t\t\t\t<div class=\"elementor-container elementor-column-gap-default\">\n\t\t\t\t\t<div class=\"elementor-column elementor-col-100 elementor-inner-column elementor-element elementor-element-28de0a6\" data-id=\"28de0a6\" data-element_type=\"column\">\n\t\t\t<div class=\"elementor-widget-wrap elementor-element-populated\">\n\t\t\t\t\t\t\t\t<div class=\"elementor-element elementor-element-102ceee elementor-widget elementor-widget-heading\" data-id=\"102ceee\" data-element_type=\"widget\" data-widget_type=\"heading.default\">\n\t\t\t\t<div class=\"elementor-widget-container\">\n\t\t\t<h2 class=\"elementor-heading-title elementor-size-default\">BOOK WITH US!<\/h2>\t\t<\/div>\n\t\t\t\t<\/div>\n\t\t\t\t<div class=\"elementor-element elementor-element-cabb0f0 elementor-widget elementor-widget-image\" data-id=\"cabb0f0\" data-element_type=\"widget\" data-widget_type=\"image.default\">\n\t\t\t\t<div class=\"elementor-widget-container\">\n\t\t\t\t\t\t\t\t\t\t\t\t\t\t\t<img decoding=\"async\" src=\"https:\/\/sylda-transportations.com\/wp-content\/uploads\/2022\/06\/Separador-Blanco-2Jun.svg\" class=\"attachment-large size-large\" alt=\"\" \/>\t\t\t\t\t\t\t\t\t\t\t\t\t\t\t<\/div>\n\t\t\t\t<\/div>\n\t\t\t\t\t<\/div>\n\t\t<\/div>\n\t\t\t\t\t\t\t<\/div>\n\t\t<\/section>\n\t\t\t\t<div class=\"elementor-element elementor-element-bada541 elementor-align-center elementor-invisible elementor-widget elementor-widget-button\" data-id=\"bada541\" data-element_type=\"widget\" data-settings=\"{&quot;_animation&quot;:&quot;swing&quot;}\" data-widget_type=\"button.default\">\n\t\t\t\t<div class=\"elementor-widget-container\">\n\t\t\t\t\t<div class=\"elementor-button-wrapper\">\n\t\t\t<a href=\"https:\/\/sylda-transportations.com\/en\/#reserva\" class=\"elementor-button-link elementor-button elementor-size-sm elementor-animation-grow\" role=\"button\">\n\t\t\t\t\t\t<span class=\"elementor-button-content-wrapper\">\n\t\t\t\t\t\t<span class=\"elementor-button-text\">BOOK NOW<\/span>\n\t\t<\/span>\n\t\t\t\t\t<\/a>\n\t\t<\/div>\n\t\t\t\t<\/div>\n\t\t\t\t<\/div>\n\t\t\t\t\t<\/div>\n\t\t<\/div>\n\t\t\t\t\t\t\t<\/div>\n\t\t<\/section>\n\t\t\t\t<section class=\"elementor-section elementor-top-section elementor-element elementor-element-5b50449 elementor-section-boxed elementor-section-height-default elementor-section-height-default\" data-id=\"5b50449\" data-element_type=\"section\">\n\t\t\t\t\t\t<div class=\"elementor-container elementor-column-gap-default\">\n\t\t\t\t\t<div class=\"elementor-column elementor-col-100 elementor-top-column elementor-element elementor-element-fb41986\" data-id=\"fb41986\" data-element_type=\"column\">\n\t\t\t<div class=\"elementor-widget-wrap elementor-element-populated\">\n\t\t\t\t\t\t\t\t<section class=\"elementor-section elementor-inner-section elementor-element elementor-element-8127824 elementor-section-boxed elementor-section-height-default elementor-section-height-default\" data-id=\"8127824\" data-element_type=\"section\">\n\t\t\t\t\t\t<div class=\"elementor-container elementor-column-gap-default\">\n\t\t\t\t\t<div class=\"elementor-column elementor-col-100 elementor-inner-column elementor-element elementor-element-e88c112\" data-id=\"e88c112\" data-element_type=\"column\">\n\t\t\t<div class=\"elementor-widget-wrap elementor-element-populated\">\n\t\t\t\t\t\t\t\t<div class=\"elementor-element elementor-element-feca7f2 elementor-widget elementor-widget-heading\" data-id=\"feca7f2\" data-element_type=\"widget\" data-widget_type=\"heading.default\">\n\t\t\t\t<div class=\"elementor-widget-container\">\n\t\t\t<h2 class=\"elementor-heading-title elementor-size-default\">TRANSPORTATION FOR ANY EVENT<\/h2>\t\t<\/div>\n\t\t\t\t<\/div>\n\t\t\t\t<div class=\"elementor-element elementor-element-b2085d5 elementor-widget elementor-widget-image\" data-id=\"b2085d5\" data-element_type=\"widget\" data-widget_type=\"image.default\">\n\t\t\t\t<div class=\"elementor-widget-container\">\n\t\t\t\t\t\t\t\t\t\t\t\t\t\t\t<img decoding=\"async\" src=\"https:\/\/sylda-transportations.com\/wp-content\/uploads\/2022\/06\/Separador-Azul-2Jun.svg\" class=\"attachment-large size-large\" alt=\"\" \/>\t\t\t\t\t\t\t\t\t\t\t\t\t\t\t<\/div>\n\t\t\t\t<\/div>\n\t\t\t\t\t<\/div>\n\t\t<\/div>\n\t\t\t\t\t\t\t<\/div>\n\t\t<\/section>\n\t\t\t\t<div class=\"elementor-element elementor-element-aebe744 elementor-widget elementor-widget-spacer\" data-id=\"aebe744\" data-element_type=\"widget\" data-widget_type=\"spacer.default\">\n\t\t\t\t<div class=\"elementor-widget-container\">\n\t\t\t\t\t<div class=\"elementor-spacer\">\n\t\t\t<div class=\"elementor-spacer-inner\"><\/div>\n\t\t<\/div>\n\t\t\t\t<\/div>\n\t\t\t\t<\/div>\n\t\t\t\t<div class=\"elementor-element elementor-element-dd2bf98 elementor-widget elementor-widget-text-editor\" data-id=\"dd2bf98\" data-element_type=\"widget\" data-widget_type=\"text-editor.default\">\n\t\t\t\t<div class=\"elementor-widget-container\">\n\t\t\t\t\t\t\t<p>Whether you are going to a concert, sporting event, Archeological Zone or just need a ride to the airport, we have the perfect vehicle, driver and experience to meet your needs.<\/p>\t\t\t\t\t\t<\/div>\n\t\t\t\t<\/div>\n\t\t\t\t\t<\/div>\n\t\t<\/div>\n\t\t\t\t\t\t\t<\/div>\n\t\t<\/section>\n\t\t\t\t<section class=\"elementor-section elementor-top-section elementor-element elementor-element-9b1b72a elementor-section-boxed elementor-section-height-default elementor-section-height-default\" data-id=\"9b1b72a\" data-element_type=\"section\">\n\t\t\t\t\t\t<div class=\"elementor-container elementor-column-gap-default\">\n\t\t\t\t\t<div class=\"elementor-column elementor-col-100 elementor-top-column elementor-element elementor-element-a410de9\" data-id=\"a410de9\" data-element_type=\"column\">\n\t\t\t<div class=\"elementor-widget-wrap elementor-element-populated\">\n\t\t\t\t\t\t\t\t<div class=\"elementor-element elementor-element-e26387b elementor-widget elementor-widget-html\" data-id=\"e26387b\" data-element_type=\"widget\" data-no-translation=\"\" data-widget_type=\"html.default\">\n\t\t\t\t<div class=\"elementor-widget-container\">\n\t\t\t<style>.elementor-element-e26387b{display:none !important}<\/style>\t\t<\/div>\n\t\t\t\t<\/div>\n\t\t\t\t<div class=\"elementor-element elementor-element-9cad87b elementor-widget elementor-widget-html\" data-id=\"9cad87b\" data-element_type=\"widget\" data-no-translation=\"\" data-widget_type=\"html.default\">\n\t\t\t\t<div class=\"elementor-widget-container\">\n\t\t\t<!--Start of Tawk.to Script-->\r\n<script type=\"text\/javascript\">\r\nvar Tawk_API=Tawk_API||{}, Tawk_LoadStart=new Date();\r\n(function(){\r\nvar s1=document.createElement(\"script\"),s0=document.getElementsByTagName(\"script\")[0];\r\ns1.async=true;\r\ns1.src='https:\/\/embed.tawk.to\/629554327b967b1179920a2b\/1g77b9ufn';\r\ns1.charset='UTF-8';\r\ns1.setAttribute('crossorigin','*');\r\ns0.parentNode.insertBefore(s1,s0);\r\n})();\r\n<\/script>\r\n<!--End of Tawk.to Script-->\t\t<\/div>\n\t\t\t\t<\/div>\n\t\t\t\t\t<\/div>\n\t\t<\/div>\n\t\t\t\t\t\t\t<\/div>\n\t\t<\/section>\n\t\t\t\t\t\t\t<\/div>","protected":false},"excerpt":{"rendered":"<p>NOSOTROS M\u00e1s de 15 a\u00f1os en transporte aeroportuario Estamos motivados para servirle, Sylda Transportations abri\u00f3 sus puertas por primera vez en 2005. Desde entonces, hemos estado proporcionando servicios superiores de transporte aeroportuario a una amplia gama de clientes en Mexico, USA y toda Latam. Ya sea que vaya a un concierto, evento deportivo, Zona Arqueol\u00f3gica [&hellip;]<\/p>","protected":false},"author":1,"featured_media":0,"parent":0,"menu_order":0,"comment_status":"closed","ping_status":"closed","template":"elementor_header_footer","meta":{"footnotes":""},"class_list":["post-741","page","type-page","status-publish","hentry"],"yoast_head":"<!-- This site is optimized with the Yoast SEO Premium plugin v18.8 (Yoast SEO v19.2) - https:\/\/yoast.com\/wordpress\/plugins\/seo\/ -->\n<title>Nosotros - Sylda - Transportations<\/title>\n<meta name=\"description\" content=\"Disfruta del transporte m\u00e1s confiable y completo de Canc\u00fan a los mas increibles destinos como Chichen itza, Tulum, Ek Balam y Coba, todo al mejor precio.\" \/>\n<meta name=\"robots\" content=\"index, follow, max-snippet:-1, max-image-preview:large, max-video-preview:-1\" \/>\n<link rel=\"canonical\" href=\"https:\/\/sylda-transportations.com\/en\/nosotros\/\" \/>\n<meta property=\"og:locale\" content=\"en_US\" \/>\n<meta property=\"og:type\" content=\"article\" \/>\n<meta property=\"og:title\" content=\"Nosotros\" \/>\n<meta property=\"og:description\" content=\"Disfruta del transporte m\u00e1s confiable y completo de Canc\u00fan a los mas increibles destinos como Chichen itza, Tulum, Ek Balam y Coba, todo al mejor precio.\" \/>\n<meta property=\"og:url\" content=\"https:\/\/sylda-transportations.com\/en\/nosotros\/\" \/>\n<meta property=\"og:site_name\" content=\"Sylda - Transportations\" \/>\n<meta property=\"article:modified_time\" content=\"2022-07-05T16:21:03+00:00\" \/>\n<meta property=\"og:image\" content=\"https:\/\/sylda-transportations.com\/wp-content\/uploads\/2022\/06\/Separador-Azul-2Jun.svg\" \/>\n<meta name=\"author\" content=\"desarrollo\" \/>\n<meta name=\"twitter:card\" content=\"summary_large_image\" \/>\n<meta name=\"twitter:label1\" content=\"Est. reading time\" \/>\n\t<meta name=\"twitter:data1\" content=\"1 minute\" \/>\n<script type=\"application\/ld+json\" class=\"yoast-schema-graph\">{\"@context\":\"https:\/\/schema.org\",\"@graph\":[{\"@type\":\"Organization\",\"@id\":\"https:\/\/sylda-transportations.com\/#organization\",\"name\":\"Sylda Transportations\",\"url\":\"https:\/\/sylda-transportations.com\/\",\"sameAs\":[],\"logo\":{\"@type\":\"ImageObject\",\"inLanguage\":\"en-US\",\"@id\":\"https:\/\/sylda-transportations.com\/#\/schema\/logo\/image\/\",\"url\":\"https:\/\/sylda-transportations.com\/wp-content\/uploads\/2022\/05\/SYLDA-Logo.svg\",\"contentUrl\":\"https:\/\/sylda-transportations.com\/wp-content\/uploads\/2022\/05\/SYLDA-Logo.svg\",\"caption\":\"Sylda Transportations\"},\"image\":{\"@id\":\"https:\/\/sylda-transportations.com\/#\/schema\/logo\/image\/\"}},{\"@type\":\"WebSite\",\"@id\":\"https:\/\/sylda-transportations.com\/#website\",\"url\":\"https:\/\/sylda-transportations.com\/\",\"name\":\"Sylda - Transportations\",\"description\":\"\",\"publisher\":{\"@id\":\"https:\/\/sylda-transportations.com\/#organization\"},\"potentialAction\":[{\"@type\":\"SearchAction\",\"target\":{\"@type\":\"EntryPoint\",\"urlTemplate\":\"https:\/\/sylda-transportations.com\/?s={search_term_string}\"},\"query-input\":\"required name=search_term_string\"}],\"inLanguage\":\"en-US\"},{\"@type\":\"ImageObject\",\"inLanguage\":\"en-US\",\"@id\":\"https:\/\/sylda-transportations.com\/en\/nosotros\/#primaryimage\",\"url\":\"https:\/\/sylda-transportations.com\/wp-content\/uploads\/2022\/06\/Separador-Azul-2Jun.svg\",\"contentUrl\":\"https:\/\/sylda-transportations.com\/wp-content\/uploads\/2022\/06\/Separador-Azul-2Jun.svg\"},{\"@type\":\"WebPage\",\"@id\":\"https:\/\/sylda-transportations.com\/en\/nosotros\/#webpage\",\"url\":\"https:\/\/sylda-transportations.com\/en\/nosotros\/\",\"name\":\"Nosotros - Sylda - Transportations\",\"isPartOf\":{\"@id\":\"https:\/\/sylda-transportations.com\/#website\"},\"primaryImageOfPage\":{\"@id\":\"https:\/\/sylda-transportations.com\/en\/nosotros\/#primaryimage\"},\"datePublished\":\"2022-06-21T14:35:37+00:00\",\"dateModified\":\"2022-07-05T16:21:03+00:00\",\"description\":\"Disfruta del transporte m\u00e1s confiable y completo de Canc\u00fan a los mas increibles destinos como Chichen itza, Tulum, Ek Balam y Coba, todo al mejor precio.\",\"breadcrumb\":{\"@id\":\"https:\/\/sylda-transportations.com\/en\/nosotros\/#breadcrumb\"},\"inLanguage\":\"en-US\",\"potentialAction\":[{\"@type\":\"ReadAction\",\"target\":[\"https:\/\/sylda-transportations.com\/en\/nosotros\/\"]}]},{\"@type\":\"BreadcrumbList\",\"@id\":\"https:\/\/sylda-transportations.com\/en\/nosotros\/#breadcrumb\",\"itemListElement\":[{\"@type\":\"ListItem\",\"position\":1,\"name\":\"Home\",\"item\":\"https:\/\/sylda-transportations.com\/\"},{\"@type\":\"ListItem\",\"position\":2,\"name\":\"Nosotros\"}]}]}<\/script>\n<!-- \/ Yoast SEO Premium plugin. -->","yoast_head_json":{"title":"Nosotros - Sylda - Transportations","description":"Disfruta del transporte m\u00e1s confiable y completo de Canc\u00fan a los mas increibles destinos como Chichen itza, Tulum, Ek Balam y Coba, todo al mejor precio.","robots":{"index":"index","follow":"follow","max-snippet":"max-snippet:-1","max-image-preview":"max-image-preview:large","max-video-preview":"max-video-preview:-1"},"canonical":"https:\/\/sylda-transportations.com\/en\/nosotros\/","og_locale":"en_US","og_type":"article","og_title":"Nosotros","og_description":"Disfruta del transporte m\u00e1s confiable y completo de Canc\u00fan a los mas increibles destinos como Chichen itza, Tulum, Ek Balam y Coba, todo al mejor precio.","og_url":"https:\/\/sylda-transportations.com\/en\/nosotros\/","og_site_name":"Sylda - Transportations","article_modified_time":"2022-07-05T16:21:03+00:00","og_image":[{"url":"https:\/\/sylda-transportations.com\/wp-content\/uploads\/2022\/06\/Separador-Azul-2Jun.svg"}],"author":"desarrollo","twitter_card":"summary_large_image","twitter_misc":{"Est. reading time":"1 minute"},"schema":{"@context":"https:\/\/schema.org","@graph":[{"@type":"Organization","@id":"https:\/\/sylda-transportations.com\/#organization","name":"Sylda Transportations","url":"https:\/\/sylda-transportations.com\/","sameAs":[],"logo":{"@type":"ImageObject","inLanguage":"en-US","@id":"https:\/\/sylda-transportations.com\/#\/schema\/logo\/image\/","url":"https:\/\/sylda-transportations.com\/wp-content\/uploads\/2022\/05\/SYLDA-Logo.svg","contentUrl":"https:\/\/sylda-transportations.com\/wp-content\/uploads\/2022\/05\/SYLDA-Logo.svg","caption":"Sylda Transportations"},"image":{"@id":"https:\/\/sylda-transportations.com\/#\/schema\/logo\/image\/"}},{"@type":"WebSite","@id":"https:\/\/sylda-transportations.com\/#website","url":"https:\/\/sylda-transportations.com\/","name":"Sylda - Transportations","description":"","publisher":{"@id":"https:\/\/sylda-transportations.com\/#organization"},"potentialAction":[{"@type":"SearchAction","target":{"@type":"EntryPoint","urlTemplate":"https:\/\/sylda-transportations.com\/?s={search_term_string}"},"query-input":"required name=search_term_string"}],"inLanguage":"en-US"},{"@type":"ImageObject","inLanguage":"en-US","@id":"https:\/\/sylda-transportations.com\/en\/nosotros\/#primaryimage","url":"https:\/\/sylda-transportations.com\/wp-content\/uploads\/2022\/06\/Separador-Azul-2Jun.svg","contentUrl":"https:\/\/sylda-transportations.com\/wp-content\/uploads\/2022\/06\/Separador-Azul-2Jun.svg"},{"@type":"WebPage","@id":"https:\/\/sylda-transportations.com\/en\/nosotros\/#webpage","url":"https:\/\/sylda-transportations.com\/en\/nosotros\/","name":"Nosotros - Sylda - Transportations","isPartOf":{"@id":"https:\/\/sylda-transportations.com\/#website"},"primaryImageOfPage":{"@id":"https:\/\/sylda-transportations.com\/en\/nosotros\/#primaryimage"},"datePublished":"2022-06-21T14:35:37+00:00","dateModified":"2022-07-05T16:21:03+00:00","description":"Disfruta del transporte m\u00e1s confiable y completo de Canc\u00fan a los mas increibles destinos como Chichen itza, Tulum, Ek Balam y Coba, todo al mejor precio.","breadcrumb":{"@id":"https:\/\/sylda-transportations.com\/en\/nosotros\/#breadcrumb"},"inLanguage":"en-US","potentialAction":[{"@type":"ReadAction","target":["https:\/\/sylda-transportations.com\/en\/nosotros\/"]}]},{"@type":"BreadcrumbList","@id":"https:\/\/sylda-transportations.com\/en\/nosotros\/#breadcrumb","itemListElement":[{"@type":"ListItem","position":1,"name":"Home","item":"https:\/\/sylda-transportations.com\/"},{"@type":"ListItem","position":2,"name":"Nosotros"}]}]}},"_links":{"self":[{"href":"https:\/\/sylda-transportations.com\/en\/wp-json\/wp\/v2\/pages\/741","targetHints":{"allow":["GET"]}}],"collection":[{"href":"https:\/\/sylda-transportations.com\/en\/wp-json\/wp\/v2\/pages"}],"about":[{"href":"https:\/\/sylda-transportations.com\/en\/wp-json\/wp\/v2\/types\/page"}],"author":[{"embeddable":true,"href":"https:\/\/sylda-transportations.com\/en\/wp-json\/wp\/v2\/users\/1"}],"replies":[{"embeddable":true,"href":"https:\/\/sylda-transportations.com\/en\/wp-json\/wp\/v2\/comments?post=741"}],"version-history":[{"count":13,"href":"https:\/\/sylda-transportations.com\/en\/wp-json\/wp\/v2\/pages\/741\/revisions"}],"predecessor-version":[{"id":867,"href":"https:\/\/sylda-transportations.com\/en\/wp-json\/wp\/v2\/pages\/741\/revisions\/867"}],"wp:attachment":[{"href":"https:\/\/sylda-transportations.com\/en\/wp-json\/wp\/v2\/media?parent=741"}],"curies":[{"name":"wp","href":"https:\/\/api.w.org\/{rel}","templated":true}]}}